{"id":54,"date":"2020-04-08T07:40:16","date_gmt":"2020-04-08T07:40:16","guid":{"rendered":"http:\/\/kreuzhecker-hof.de\/?page_id=54"},"modified":"2024-04-18T08:19:22","modified_gmt":"2024-04-18T08:19:22","slug":"ueber-uns","status":"publish","type":"page","link":"https:\/\/kreuzhecker-hof.de\/?page_id=54","title":{"rendered":"\u00dcber uns"},"content":{"rendered":"<section class=\"l-section wpb_row height_small\"><div class=\"l-section-h i-cf\"><div class=\"g-cols vc_row via_flex valign_top type_default stacking_default\"><div class=\"vc_col-sm-8 wpb_column vc_column_container\"><div class=\"vc_column-inner\"><div class=\"wpb_wrapper\"><div class=\"wpb_text_column\"><div class=\"wpb_wrapper\"><\/p>\n<p>Gude! Wie man hier \u201euffm Dorf\u201c sagt.<\/p>\n<p>Der Kreuzhecker Hof liegt im sch\u00f6nen Taunus, etwa 5 km von der historischen Altstadt Idsteins entfernt.<\/p>\n<p>Hier leben wir seit 2011. Wir, das bin ich, Kai Volkmar mit meiner Frau Wiebke und meinen zwei T\u00f6chtern Marie und Sofie. Der Betrieb geh\u00f6rt bereits seit mehr als 5 Generationen meiner Familie. Wir leben hier T\u00fcr an T\u00fcr mit unseren Tieren. Dazu z\u00e4hlen K\u00fche, H\u00fchner und Katzen.<\/p>\n<p>Den einstigen Milchvieh- und Zuchtbetrieb habe ich im Jahr <strong>2010<\/strong> von meinem Onkel Reiner Martin \u00fcbernommen.<\/p>\n<p>Im Jahr <strong>2016<\/strong> haben wir mit der Direktvermarktung unserer Milch begonnen. Auf Grund der positiven Resonanz und der gro\u00dfen Nachfrage haben wir in den folgenden Jahren die Direktvermarktung ausgebaut.<\/p>\n<p>In <strong>2017<\/strong> folgte unser erster Regiomat (Verkaufsautomat) und mit ihm die Zusammenarbeit mit dem Meilinger Hof aus Niedermeilingen. Dieser beliefert uns mit frischen Fleisch- und Wurstwaren aus ihrem Wohlf\u00fchlstall f\u00fcr Schweine und Rinder. Nach und nach folgten weitere Kooperationen und weitere Regiomaten.<\/p>\n<p>Unseren Hofladen haben wir im Jahr <strong>2019<\/strong> er\u00f6ffnet. Hier gibt es neben Produkten von unseren H\u00fchnern beispielsweise Obst, Gem\u00fcse, Milch, K\u00e4se, Wurst- und Fleischwaren, Suppen und Brotaufstriche zu kaufen.<\/p>\n<p>Seit <strong>2020<\/strong> kann man bei uns auf dem Hof auch einen Veranstaltungsraum f\u00fcr Feiern mieten. \u00a0<\/p>\n<p>Mit der Milchviehhaltung haben wir im August <strong>2022<\/strong> aufgeh\u00f6rt, erfreuen uns aber in unserem gro\u00dfen Stall an ein paar liebgewonnen Rindern. Dadurch haben wir mit einem langj\u00e4hrigen Berufskollegen aus Bad Camberg \u2013 W\u00fcrges kooperiert, woher wir Milch erhalten und in unserer hofeigenen Milchk\u00fcche zu unseren bekannten Milchprodukten verarbeitet haben.<\/p>\n<p>Leider mussten wir im September <strong>2023<\/strong> die Milchk\u00fcche aufgegeben. Seitdem arbeiten wir mit dem Weidenhof in W\u00e4chtersbach zusammen. Von dort erhalten wir Produkte wie beispielsweise Milch und Milchgetr\u00e4nk, die in unseren Automaten oder im Hofladen zu finden sind.<\/p>\n<p>Im Februar <strong>2024<\/strong> haben wir eine Zweigstelle von Deutsche Post \/ DHL bei uns im Hofladen eingerichtet. Hier k\u00f6nnen unsere Kunden nun auch Briefe und Pakete abgeben und abholen.<\/p>\n<p>Hinter diesen Ereignissen steckt viel Arbeit, die wir nicht allein schaffen k\u00f6nnen. Uns unterst\u00fctzen daher unsere Mitarbeiter Reiner, Jan, Siglinde, Ines, Luisa und Stefanie.<\/p>\n<p>Bei Fragen rund um uns oder unseren Hof schreiben Sie uns gerne eine E-Mail an: <a href=\"mailto:info@kreuzhecker-hof.de\">info@kreuzhecker-hof.de<\/a><\/p>\n<p>Viel Spa\u00df auf unserer Internetseite und herzlich Willkommen auf unserem Hof!<\/p>\n<p><em>Ihr Team vom Kreuzhecker Hof<\/em><\/p>\n<p>\u00a0<\/p>\n<\/div><\/div><\/div><\/div><\/div><div class=\"vc_col-sm-4 wpb_column vc_column_container\"><div class=\"vc_column-inner\"><div class=\"wpb_wrapper\"><div class=\"w-image align_none\"><div class=\"w-image-h\"><img decoding=\"async\" width=\"1024\" height=\"683\" src=\"https:\/\/kreuzhecker-hof.de\/wp-content\/uploads\/2020\/04\/MG_0470-1024x683.jpg\" class=\"attachment-large size-large\" alt=\"\" loading=\"lazy\" srcset=\"https:\/\/kreuzhecker-hof.de\/wp-content\/uploads\/2020\/04\/MG_0470-1024x683.jpg 1024w, https:\/\/kreuzhecker-hof.de\/wp-content\/uploads\/2020\/04\/MG_0470-300x200.jpg 300w, https:\/\/kreuzhecker-hof.de\/wp-content\/uploads\/2020\/04\/MG_0470-1536x1024.jpg 1536w, https:\/\/kreuzhecker-hof.de\/wp-content\/uploads\/2020\/04\/MG_0470-2048x1365.jpg 2048w\" sizes=\"auto, (max-width: 1024px) 100vw, 1024px\" \/><\/div><\/div><div class=\"w-image align_none\"><div class=\"w-image-h\"><img decoding=\"async\" width=\"1024\" height=\"637\" src=\"https:\/\/kreuzhecker-hof.de\/wp-content\/uploads\/2020\/05\/IMG_20190918_155425-1024x637.jpg\" class=\"attachment-large size-large\" alt=\"\" loading=\"lazy\" srcset=\"https:\/\/kreuzhecker-hof.de\/wp-content\/uploads\/2020\/05\/IMG_20190918_155425-1024x637.jpg 1024w, https:\/\/kreuzhecker-hof.de\/wp-content\/uploads\/2020\/05\/IMG_20190918_155425-300x187.jpg 300w, https:\/\/kreuzhecker-hof.de\/wp-content\/uploads\/2020\/05\/IMG_20190918_155425-1536x956.jpg 1536w, https:\/\/kreuzhecker-hof.de\/wp-content\/uploads\/2020\/05\/IMG_20190918_155425-2048x1275.jpg 2048w\" sizes=\"auto, (max-width: 1024px) 100vw, 1024px\" \/><\/div><\/div><\/div><\/div><\/div><\/div><\/div><\/section>","protected":false},"excerpt":{"rendered":"Gude! Wie man hier \u201euffm Dorf\u201c sagt. Der Kreuzhecker Hof liegt im sch\u00f6nen Taunus, etwa 5 km von der historischen Altstadt Idsteins entfernt. Hier leben wir seit 2011. Wir, das bin ich, Kai Volkmar mit meiner Frau Wiebke und meinen zwei T\u00f6chtern Marie und Sofie. Der Betrieb geh\u00f6rt bereits seit mehr als 5 Generationen meiner...","protected":false},"author":1,"featured_media":0,"parent":0,"menu_order":0,"comment_status":"closed","ping_status":"closed","template":"","meta":{"footnotes":""},"class_list":["post-54","page","type-page","status-publish","hentry"],"_links":{"self":[{"href":"https:\/\/kreuzhecker-hof.de\/index.php?rest_route=\/wp\/v2\/pages\/54","targetHints":{"allow":["GET"]}}],"collection":[{"href":"https:\/\/kreuzhecker-hof.de\/index.php?rest_route=\/wp\/v2\/pages"}],"about":[{"href":"https:\/\/kreuzhecker-hof.de\/index.php?rest_route=\/wp\/v2\/types\/page"}],"author":[{"embeddable":true,"href":"https:\/\/kreuzhecker-hof.de\/index.php?rest_route=\/wp\/v2\/users\/1"}],"replies":[{"embeddable":true,"href":"https:\/\/kreuzhecker-hof.de\/index.php?rest_route=%2Fwp%2Fv2%2Fcomments&post=54"}],"version-history":[{"count":29,"href":"https:\/\/kreuzhecker-hof.de\/index.php?rest_route=\/wp\/v2\/pages\/54\/revisions"}],"predecessor-version":[{"id":615,"href":"https:\/\/kreuzhecker-hof.de\/index.php?rest_route=\/wp\/v2\/pages\/54\/revisions\/615"}],"wp:attachment":[{"href":"https:\/\/kreuzhecker-hof.de\/index.php?rest_route=%2Fwp%2Fv2%2Fmedia&parent=54"}],"curies":[{"name":"wp","href":"https:\/\/api.w.org\/{rel}","templated":true}]}}