{"id":26,"date":"2020-04-07T09:09:29","date_gmt":"2020-04-07T09:09:29","guid":{"rendered":"http:\/\/kreuzhecker-hof.de\/?page_id=26"},"modified":"2025-08-06T17:30:05","modified_gmt":"2025-08-06T17:30:05","slug":"automaten","status":"publish","type":"page","link":"https:\/\/kreuzhecker-hof.de\/?page_id=26","title":{"rendered":"Unsere Automaten"},"content":{"rendered":"<section class=\"l-section wpb_row height_small\"><div class=\"l-section-h i-cf\"><div class=\"g-cols vc_row via_flex valign_top type_default stacking_default\"><div class=\"vc_col-sm-12 wpb_column vc_column_container\"><div class=\"vc_column-inner\"><div class=\"wpb_wrapper\"><div class=\"wpb_text_column\"><div class=\"wpb_wrapper\"><h4 style=\"text-align: center;\"><strong>Unsere Automaten sind 24 Stunden am Tag f\u00fcr Sie bereit.<\/strong><\/h4>\n<p><!-- \/wp:post-content --><!-- \/wp:paragraph --><\/p>\n<\/div><\/div><\/div><\/div><\/div><div class=\"vc_col-sm-12 wpb_column vc_column_container\"><div class=\"vc_column-inner\"><div class=\"wpb_wrapper\"><div class=\"w-image align_center\"><div class=\"w-image-h\"><img decoding=\"async\" width=\"300\" height=\"187\" src=\"https:\/\/kreuzhecker-hof.de\/wp-content\/uploads\/2020\/05\/IMG_20190918_155425-300x187.jpg\" class=\"attachment-medium size-medium\" alt=\"\" loading=\"lazy\" srcset=\"https:\/\/kreuzhecker-hof.de\/wp-content\/uploads\/2020\/05\/IMG_20190918_155425-300x187.jpg 300w, https:\/\/kreuzhecker-hof.de\/wp-content\/uploads\/2020\/05\/IMG_20190918_155425-1024x637.jpg 1024w, https:\/\/kreuzhecker-hof.de\/wp-content\/uploads\/2020\/05\/IMG_20190918_155425-1536x956.jpg 1536w, https:\/\/kreuzhecker-hof.de\/wp-content\/uploads\/2020\/05\/IMG_20190918_155425-2048x1275.jpg 2048w\" sizes=\"auto, (max-width: 300px) 100vw, 300px\" \/><\/div><\/div><\/div><\/div><\/div><\/div><\/div><\/section><section class=\"l-section wpb_row height_small\"><div class=\"l-section-h i-cf\"><div class=\"g-cols vc_row via_flex valign_top type_default stacking_default\"><div class=\"vc_col-sm-6 wpb_column vc_column_container\"><div class=\"vc_column-inner\"><div class=\"wpb_wrapper\"><div class=\"wpb_text_column\"><div class=\"wpb_wrapper\"><p><strong>Die Milchtankstelle<\/strong><\/p>\n<p>Seit August 2022 ist die Milchtankstelle au\u00dfer Betrieb.\u00a0<\/p>\n<p>In unseren Automaten und in unserem Hofladen bieten wir H-Milch der Molkerei Schw\u00e4lbchen an, sowie Milch-Mixgetr\u00e4nke und Trinkjoghurt der Molkerei Berchtesgardener Land.<\/p>\n<p>&nbsp;<\/p>\n<\/div><\/div><\/div><\/div><\/div><div class=\"vc_col-sm-6 wpb_column vc_column_container\"><div class=\"vc_column-inner\"><div class=\"wpb_wrapper\"><div class=\"wpb_text_column\"><div class=\"wpb_wrapper\"><p><strong>Der Regiomat<\/strong><br \/>Auf unserem Hof stehen inzwischen f\u00fcnf Regiomaten (Verkaufsautomaten).\u00a0 Die Automaten enthalten alle wichtigen Produkte und sind rund um die Uhr, sieben Tage die Woche f\u00fcr Sie erreichbar. Jeder der Regiomaten enth\u00e4lt eine Z\u00e4hleinheit. Dort wird das Geld eingeworfen und das entsprechende Fach gew\u00e4hlt.\u00a0 Der Automat nimmt M\u00fcnzen und Scheine bis 20 Euro. Nach Dr\u00fccken auf den \u201eR\u00fcckgabe-Knopf\u201c erh\u00e4lt man sein Wechselgeld zur\u00fcck.<\/p>\n<p>Nachdem Sie das Geld eingeworfen haben dr\u00fccken Sie nun die gew\u00e4hlte Nummer. Der Automat f\u00e4hrt nun den \u201eLift\u201c auf die entsprechende H\u00f6he des Produktes, damit es sanft auf dem Polster landen kann. Der Lift f\u00e4hrt runter und nach einem kurzem \u201ePiep\u201c l\u00e4sst sich die Ausgabeklappe \u00f6ffnen und das Produkt entnehmen. Bitte entnehmen Sie die Produkte nach jeder Ziehung, da der Lift sonst nicht mehr \u201estarten\u201c kann.<\/p>\n<p>Einer der Regiomaten besitzt eine Alterserkennung. F\u00fcr Ware ab 18 bitte den F\u00fchrerschein oder Personalausweis entsprechend durchziehen. An diesem Automaten kann auch mit EC-Karte bezahlt werden. Die anderen Automaten nehmen Bargeld bis 20 Euro oder unseren Stick, den Sie im Hofladen bei uns gegen Pfand erhalten. Sprechen Sie uns gerne an.<\/p>\n<p><!-- \/wp:paragraph --><\/p>\n<\/div><\/div><\/div><\/div><\/div><\/div><\/div><\/section><section class=\"l-section wpb_row height_small\"><div class=\"l-section-h i-cf\"><div class=\"g-cols vc_row via_flex valign_top type_default stacking_default\"><div class=\"vc_col-sm-6 wpb_column vc_column_container\"><div class=\"vc_column-inner\"><div class=\"wpb_wrapper\"><div class=\"w-image align_none\"><div class=\"w-image-h\"><img decoding=\"async\" width=\"300\" height=\"225\" src=\"https:\/\/kreuzhecker-hof.de\/wp-content\/uploads\/2020\/04\/IMG_20191111_143812-300x225.jpg\" class=\"attachment-medium size-medium\" alt=\"\" loading=\"lazy\" srcset=\"https:\/\/kreuzhecker-hof.de\/wp-content\/uploads\/2020\/04\/IMG_20191111_143812-300x225.jpg 300w, https:\/\/kreuzhecker-hof.de\/wp-content\/uploads\/2020\/04\/IMG_20191111_143812-1024x768.jpg 1024w, https:\/\/kreuzhecker-hof.de\/wp-content\/uploads\/2020\/04\/IMG_20191111_143812-1536x1152.jpg 1536w, https:\/\/kreuzhecker-hof.de\/wp-content\/uploads\/2020\/04\/IMG_20191111_143812-2048x1536.jpg 2048w\" sizes=\"auto, (max-width: 300px) 100vw, 300px\" \/><\/div><\/div><\/div><\/div><\/div><div class=\"vc_col-sm-6 wpb_column vc_column_container\"><div class=\"vc_column-inner\"><div class=\"wpb_wrapper\"><div class=\"w-image align_none\"><div class=\"w-image-h\"><img decoding=\"async\" width=\"300\" height=\"225\" src=\"https:\/\/kreuzhecker-hof.de\/wp-content\/uploads\/2020\/04\/IMG_20191111_143742-300x225.jpg\" class=\"attachment-medium size-medium\" alt=\"\" loading=\"lazy\" srcset=\"https:\/\/kreuzhecker-hof.de\/wp-content\/uploads\/2020\/04\/IMG_20191111_143742-300x225.jpg 300w, https:\/\/kreuzhecker-hof.de\/wp-content\/uploads\/2020\/04\/IMG_20191111_143742-1024x768.jpg 1024w, https:\/\/kreuzhecker-hof.de\/wp-content\/uploads\/2020\/04\/IMG_20191111_143742-1536x1152.jpg 1536w, https:\/\/kreuzhecker-hof.de\/wp-content\/uploads\/2020\/04\/IMG_20191111_143742-2048x1536.jpg 2048w\" sizes=\"auto, (max-width: 300px) 100vw, 300px\" \/><\/div><\/div><\/div><\/div><\/div><\/div><\/div><\/section>","protected":false},"excerpt":{"rendered":"Unsere Automaten sind 24 Stunden am Tag f\u00fcr Sie bereit. Die Milchtankstelle Seit August 2022 ist die Milchtankstelle au\u00dfer Betrieb.\u00a0 In unseren Automaten und in unserem Hofladen bieten wir H-Milch der Molkerei Schw\u00e4lbchen an, sowie Milch-Mixgetr\u00e4nke und Trinkjoghurt der Molkerei Berchtesgardener Land. &nbsp; Der RegiomatAuf unserem Hof stehen inzwischen f\u00fcnf Regiomaten (Verkaufsautomaten).\u00a0 Die Automaten enthalten...","protected":false},"author":1,"featured_media":0,"parent":0,"menu_order":0,"comment_status":"closed","ping_status":"closed","template":"","meta":{"footnotes":""},"class_list":["post-26","page","type-page","status-publish","hentry"],"_links":{"self":[{"href":"https:\/\/kreuzhecker-hof.de\/index.php?rest_route=\/wp\/v2\/pages\/26","targetHints":{"allow":["GET"]}}],"collection":[{"href":"https:\/\/kreuzhecker-hof.de\/index.php?rest_route=\/wp\/v2\/pages"}],"about":[{"href":"https:\/\/kreuzhecker-hof.de\/index.php?rest_route=\/wp\/v2\/types\/page"}],"author":[{"embeddable":true,"href":"https:\/\/kreuzhecker-hof.de\/index.php?rest_route=\/wp\/v2\/users\/1"}],"replies":[{"embeddable":true,"href":"https:\/\/kreuzhecker-hof.de\/index.php?rest_route=%2Fwp%2Fv2%2Fcomments&post=26"}],"version-history":[{"count":28,"href":"https:\/\/kreuzhecker-hof.de\/index.php?rest_route=\/wp\/v2\/pages\/26\/revisions"}],"predecessor-version":[{"id":665,"href":"https:\/\/kreuzhecker-hof.de\/index.php?rest_route=\/wp\/v2\/pages\/26\/revisions\/665"}],"wp:attachment":[{"href":"https:\/\/kreuzhecker-hof.de\/index.php?rest_route=%2Fwp%2Fv2%2Fmedia&parent=26"}],"curies":[{"name":"wp","href":"https:\/\/api.w.org\/{rel}","templated":true}]}}