{"id":23,"date":"2020-04-07T08:47:18","date_gmt":"2020-04-07T08:47:18","guid":{"rendered":"http:\/\/kreuzhecker-hof.de\/?page_id=23"},"modified":"2025-10-27T17:57:17","modified_gmt":"2025-10-27T17:57:17","slug":"hofladen","status":"publish","type":"page","link":"https:\/\/kreuzhecker-hof.de\/?page_id=23","title":{"rendered":"Maislabyrinth"},"content":{"rendered":"<section class=\"l-section wpb_row height_small\"><div class=\"l-section-h i-cf\"><div class=\"g-cols vc_row via_flex valign_top type_default stacking_default\"><div class=\"vc_col-sm-3 wpb_column vc_column_container\"><div class=\"vc_column-inner\"><div class=\"wpb_wrapper\"><div class=\"w-image has_ratio align_none\"><div class=\"w-image-h\"><div style=\"padding-bottom:100%\"><\/div><img decoding=\"async\" width=\"225\" height=\"300\" src=\"https:\/\/kreuzhecker-hof.de\/wp-content\/uploads\/2021\/07\/IMG_20200726_182916-225x300.jpg\" class=\"attachment-medium size-medium\" alt=\"\" loading=\"lazy\" srcset=\"https:\/\/kreuzhecker-hof.de\/wp-content\/uploads\/2021\/07\/IMG_20200726_182916-225x300.jpg 225w, https:\/\/kreuzhecker-hof.de\/wp-content\/uploads\/2021\/07\/IMG_20200726_182916-768x1024.jpg 768w, https:\/\/kreuzhecker-hof.de\/wp-content\/uploads\/2021\/07\/IMG_20200726_182916-scaled.jpg 1920w\" sizes=\"auto, (max-width: 225px) 100vw, 225px\" \/><\/div><\/div><\/div><\/div><\/div><div class=\"vc_col-sm-3 wpb_column vc_column_container\"><div class=\"vc_column-inner\"><div class=\"wpb_wrapper\"><div class=\"w-image align_none\"><div class=\"w-image-h\"><img decoding=\"async\" width=\"300\" height=\"300\" src=\"https:\/\/kreuzhecker-hof.de\/wp-content\/uploads\/2021\/07\/Fotor_159730893953848-300x300.jpg\" class=\"attachment-medium size-medium\" alt=\"\" loading=\"lazy\" srcset=\"https:\/\/kreuzhecker-hof.de\/wp-content\/uploads\/2021\/07\/Fotor_159730893953848-300x300.jpg 300w, https:\/\/kreuzhecker-hof.de\/wp-content\/uploads\/2021\/07\/Fotor_159730893953848-1024x1024.jpg 1024w, https:\/\/kreuzhecker-hof.de\/wp-content\/uploads\/2021\/07\/Fotor_159730893953848-150x150.jpg 150w\" sizes=\"auto, (max-width: 300px) 100vw, 300px\" \/><\/div><\/div><\/div><\/div><\/div><div class=\"vc_col-sm-3 wpb_column vc_column_container\"><div class=\"vc_column-inner\"><div class=\"wpb_wrapper\"><div class=\"w-image align_none\"><div class=\"w-image-h\"><img decoding=\"async\" width=\"300\" height=\"300\" src=\"https:\/\/kreuzhecker-hof.de\/wp-content\/uploads\/2021\/07\/fotor_1627280255925-300x300.jpg\" class=\"attachment-medium size-medium\" alt=\"\" loading=\"lazy\" srcset=\"https:\/\/kreuzhecker-hof.de\/wp-content\/uploads\/2021\/07\/fotor_1627280255925-300x300.jpg 300w, https:\/\/kreuzhecker-hof.de\/wp-content\/uploads\/2021\/07\/fotor_1627280255925-1024x1024.jpg 1024w, https:\/\/kreuzhecker-hof.de\/wp-content\/uploads\/2021\/07\/fotor_1627280255925-150x150.jpg 150w\" sizes=\"auto, (max-width: 300px) 100vw, 300px\" \/><\/div><\/div><\/div><\/div><\/div><div class=\"vc_col-sm-3 wpb_column vc_column_container\"><div class=\"vc_column-inner\"><div class=\"wpb_wrapper\"><div class=\"w-image has_ratio align_none\"><div class=\"w-image-h\"><div style=\"padding-bottom:100%\"><\/div><img decoding=\"async\" width=\"300\" height=\"225\" src=\"https:\/\/kreuzhecker-hof.de\/wp-content\/uploads\/2021\/07\/IMG_20200726_131114-300x225.jpg\" class=\"attachment-medium size-medium\" alt=\"\" loading=\"lazy\" srcset=\"https:\/\/kreuzhecker-hof.de\/wp-content\/uploads\/2021\/07\/IMG_20200726_131114-300x225.jpg 300w, https:\/\/kreuzhecker-hof.de\/wp-content\/uploads\/2021\/07\/IMG_20200726_131114-1024x768.jpg 1024w\" sizes=\"auto, (max-width: 300px) 100vw, 300px\" \/><\/div><\/div><\/div><\/div><\/div><\/div><\/div><\/section><section class=\"l-section wpb_row height_small\"><div class=\"l-section-h i-cf\"><div class=\"g-cols vc_row via_flex valign_top type_default stacking_default\"><div class=\"vc_col-sm-12 wpb_column vc_column_container\"><div class=\"vc_column-inner\"><div class=\"wpb_wrapper\"><div class=\"wpb_text_column\"><div class=\"wpb_wrapper\"><h4 style=\"text-align: center;\">\u00d6ffnungszeiten:<\/h4>\n<h4 style=\"text-align: center;\">geschlossen<\/h4>\n<p style=\"text-align: center;\">\n<\/div><\/div><\/div><\/div><\/div><\/div><\/div><\/section><section class=\"l-section wpb_row height_small\"><div class=\"l-section-h i-cf\"><div class=\"g-cols vc_row via_flex valign_top type_default stacking_default\"><div class=\"vc_col-sm-12 wpb_column vc_column_container\"><div class=\"vc_column-inner\"><div class=\"wpb_wrapper\"><div class=\"wpb_text_column\"><div class=\"wpb_wrapper\"><h1><u>Eintrittspreise<\/u><\/h1>\n<\/div><\/div><\/div><\/div><\/div><\/div><\/div><\/section><section class=\"l-section wpb_row height_small\"><div class=\"l-section-h i-cf\"><div class=\"g-cols vc_row via_flex valign_top type_default stacking_default\"><div class=\"vc_col-sm-6 wpb_column vc_column_container\"><div class=\"vc_column-inner\"><div class=\"wpb_wrapper\"><div class=\"wpb_text_column\"><div class=\"wpb_wrapper\"><h5><strong>Tipps f\u00fcr den Besuch:<\/strong><\/h5>\n<ul>\n<li>Festes Schuhwerk!<\/li>\n<li>Kugelschreiber<\/li>\n<li><b>leider nicht geeignet f\u00fcr Kinderwagen!<\/b><\/li>\n<li>An hei\u00dfen Tagen gerne etwas zu Trinken mit in das Maislabyrinth nehmen.<\/li>\n<li>Nach einem Regentag ist das Maislabyrinth gut begehbar. Bitte trotzdem passendes Schuhwerk und ggfs. Matschhose anziehen.<\/li>\n<\/ul>\n<\/div><\/div><\/div><\/div><\/div><div class=\"vc_col-sm-6 wpb_column vc_column_container\"><div class=\"vc_column-inner\"><div class=\"wpb_wrapper\"><div class=\"wpb_text_column\"><div class=\"wpb_wrapper\"><h5><strong>Regeln f\u00fcr den Besuch:<\/strong><\/h5>\n<ul>\n<li><strong>Alle Dekorationen, Infotafeln<\/strong>, etc. unbedingt <strong>an ihrem Platz belassen<\/strong> &#8211; die Besucher nach Ihnen, werden es Ihnen danken<\/li>\n<li>Im Labyrinth <u>nur<\/u><strong> auf den vorgegebenen Wegen laufen<\/strong>.<\/li>\n<li><strong>Keine Maispflanzen besch\u00e4digen<\/strong> oder Maiskolben abrei\u00dfen.<br \/>\nEr ist nicht zum Verzehr geeignet, da es sich um Futtermais\u00a0handelt.<\/li>\n<li><strong>Keinen M\u00fcll hinterlasse<\/strong>n \u2212 das gilt f\u00fcr das gesamte Gel\u00e4nde.<\/li>\n<li>Hunde sind herzlich willkommen. Aus R\u00fccksicht auf die anderen Besucher sind sie an der <u>Leine<\/u> zu f\u00fchren. Zudem erwarten wir, dass die Hinterlassenschaften Ihres Hundes wieder mit nach Hause genommen und entsorgt werden. Unsere aufgestellten M\u00fclleimer stehen hierf\u00fcr nicht zur Verf\u00fcgung. Wenn dies (auch von einigen Wenigen) nicht eingehalten wird, m\u00fcssen wir das Mitf\u00fchren von Hunden k\u00fcnftig untersagen.<\/li>\n<\/ul>\n<\/div><\/div><\/div><\/div><\/div><\/div><\/div><\/section><section class=\"l-section wpb_row height_small\"><div class=\"l-section-h i-cf\"><div class=\"g-cols vc_row via_flex valign_top type_default stacking_default\"><div class=\"vc_col-sm-12 wpb_column vc_column_container\"><div class=\"vc_column-inner\"><div class=\"wpb_wrapper\"><\/div><\/div><\/div><\/div><\/div><\/section>\n","protected":false},"excerpt":{"rendered":"\u00d6ffnungszeiten: geschlossen Eintrittspreise Tipps f\u00fcr den Besuch: Festes Schuhwerk! Kugelschreiber leider nicht geeignet f\u00fcr Kinderwagen! An hei\u00dfen Tagen gerne etwas zu Trinken mit in das Maislabyrinth nehmen. Nach einem Regentag ist das Maislabyrinth gut begehbar. Bitte trotzdem passendes Schuhwerk und ggfs. Matschhose anziehen. Regeln f\u00fcr den Besuch: Alle Dekorationen, Infotafeln, etc. unbedingt an ihrem Platz...","protected":false},"author":1,"featured_media":0,"parent":0,"menu_order":0,"comment_status":"closed","ping_status":"closed","template":"","meta":{"footnotes":""},"class_list":["post-23","page","type-page","status-publish","hentry"],"_links":{"self":[{"href":"https:\/\/kreuzhecker-hof.de\/index.php?rest_route=\/wp\/v2\/pages\/23","targetHints":{"allow":["GET"]}}],"collection":[{"href":"https:\/\/kreuzhecker-hof.de\/index.php?rest_route=\/wp\/v2\/pages"}],"about":[{"href":"https:\/\/kreuzhecker-hof.de\/index.php?rest_route=\/wp\/v2\/types\/page"}],"author":[{"embeddable":true,"href":"https:\/\/kreuzhecker-hof.de\/index.php?rest_route=\/wp\/v2\/users\/1"}],"replies":[{"embeddable":true,"href":"https:\/\/kreuzhecker-hof.de\/index.php?rest_route=%2Fwp%2Fv2%2Fcomments&post=23"}],"version-history":[{"count":32,"href":"https:\/\/kreuzhecker-hof.de\/index.php?rest_route=\/wp\/v2\/pages\/23\/revisions"}],"predecessor-version":[{"id":686,"href":"https:\/\/kreuzhecker-hof.de\/index.php?rest_route=\/wp\/v2\/pages\/23\/revisions\/686"}],"wp:attachment":[{"href":"https:\/\/kreuzhecker-hof.de\/index.php?rest_route=%2Fwp%2Fv2%2Fmedia&parent=23"}],"curies":[{"name":"wp","href":"https:\/\/api.w.org\/{rel}","templated":true}]}}