{"id":204,"date":"2020-04-13T13:57:40","date_gmt":"2020-04-13T13:57:40","guid":{"rendered":"http:\/\/kreuzhecker-hof.de\/?page_id=204"},"modified":"2024-03-03T09:56:31","modified_gmt":"2024-03-03T09:56:31","slug":"der-hofladen","status":"publish","type":"page","link":"https:\/\/kreuzhecker-hof.de\/?page_id=204","title":{"rendered":"Der Hofladen"},"content":{"rendered":"<section class=\"l-section wpb_row height_small\"><div class=\"l-section-h i-cf\"><div class=\"g-cols vc_row via_flex valign_top type_default stacking_default\"><div class=\"vc_col-sm-12 wpb_column vc_column_container\"><div class=\"vc_column-inner\"><div class=\"wpb_wrapper\"><div class=\"w-image align_none\"><div class=\"w-image-h\"><img decoding=\"async\" width=\"2560\" height=\"912\" src=\"https:\/\/kreuzhecker-hof.de\/wp-content\/uploads\/2021\/03\/IMG_20210313_095146-scaled.jpg\" class=\"attachment-full size-full\" alt=\"\" loading=\"lazy\" srcset=\"https:\/\/kreuzhecker-hof.de\/wp-content\/uploads\/2021\/03\/IMG_20210313_095146-scaled.jpg 2560w, https:\/\/kreuzhecker-hof.de\/wp-content\/uploads\/2021\/03\/IMG_20210313_095146-300x107.jpg 300w, https:\/\/kreuzhecker-hof.de\/wp-content\/uploads\/2021\/03\/IMG_20210313_095146-1024x365.jpg 1024w\" sizes=\"auto, (max-width: 2560px) 100vw, 2560px\" \/><\/div><\/div><\/div><\/div><\/div><\/div><\/div><\/section><section class=\"l-section wpb_row height_small\"><div class=\"l-section-h i-cf\"><div class=\"g-cols vc_row via_flex valign_top type_default stacking_default\"><div class=\"vc_col-sm-8 wpb_column vc_column_container\"><div class=\"vc_column-inner\"><div class=\"wpb_wrapper\"><div class=\"wpb_text_column\"><div class=\"wpb_wrapper\"><p><strong>\u00d6ffnungszeiten Hofladen und Post\/DHL:<\/strong><\/p>\n<p><strong>Dienstag: 17:00 &#8211; 19:30 Uhr<\/strong><br \/><strong>Mittwoch: 10:00 &#8211; 13:00 Uhr<\/strong><br \/><strong>Donnerstag: 12:30 &#8211; 15:30 Uhr<\/strong><br \/><strong>Freitag: 15:00 &#8211; 18:00 Uhr<\/strong><br \/><strong>Samstag: 10:00 &#8211; 12:00\u00a0 Uhr &amp; 13:00 &#8211; 16:00 Uhr<\/strong><\/p>\n<\/div><\/div><\/div><\/div><\/div><div class=\"vc_col-sm-4 wpb_column vc_column_container\"><div class=\"vc_column-inner\"><div class=\"wpb_wrapper\"><\/div><\/div><\/div><\/div><\/div><\/section><section class=\"l-section wpb_row height_small\"><div class=\"l-section-h i-cf\"><div class=\"g-cols vc_row via_flex valign_top type_default stacking_default\"><div class=\"vc_col-sm-12 wpb_column vc_column_container\"><div class=\"vc_column-inner\"><div class=\"wpb_wrapper\"><div class=\"wpb_text_column\"><div class=\"wpb_wrapper\"><p><strong>Unser Hofladen bietet Ihnen ein gro\u00dfes Sortiment an Produkten aus der Region. Bei Fragen sprechen Sie uns vor Ort an oder schreiben Sie uns eine <a href=\"mailto:info@kreuzhecker-hof.de\">E-Mail<\/a>.<\/strong><\/p>\n<p><strong>Unsere Produktpalette im Hofladen:<\/strong><\/p>\n<\/div><\/div><\/div><\/div><\/div><\/div><\/div><\/section><section class=\"l-section wpb_row height_small\"><div class=\"l-section-h i-cf\"><div class=\"g-cols vc_row via_flex valign_top type_default stacking_default\"><div class=\"vc_col-sm-6 wpb_column vc_column_container\"><div class=\"vc_column-inner\"><div class=\"wpb_wrapper\"><div class=\"wpb_text_column\"><div class=\"wpb_wrapper\"><p><strong>Direkt von uns:<\/strong><\/p>\n<p>Eier, Eiernudeln, Milchmixgetr\u00e4nke, Joghurt, Eiersalat, Eierlik\u00f6r, Schnaps, Fruchtaufstrich, Kuhmilchseife, Suppenh\u00fchner, Huhn im Glas (Suppen und Fertiggerichte), Apfelsaft<\/p>\n<p>Aus Kriftel vom Obsthof an der Kirche: \u00c4pfel, Birnen, Erdbeeren, Himbeeren, Brombeeren, etc. Apfelwein, Erdbeersecco, Holundersecco, Apfelchips<\/p>\n<p>Aus H\u00fcnfelden: Kartoffeln lose und in S\u00e4cken<\/p>\n<p>Aus Idstein und Niedernhausen: Imkerhonig<\/p>\n<p>Aus Idstein-Niederauroff: Fertiggerichte, Suppen, etc. vom &#8222;Gasthaus zum Haubenthal&#8220;<\/p>\n<p>Aus Meilingens Wohlf\u00fchl-STROH-Stall: Wurst &amp; Fleischwaren (Schwein &amp; Rind), Maisspindeln zum Grillen<\/p>\n<p>Aus K\u00f6nigstein: Quellwasser &#8222;Radius 99&#8220;<\/p>\n<p>Aus Wiesbaden von &#8222;Huber Gem\u00fcse&#8220;: Salat, Gurken, Kr\u00e4uter und mehr<\/p>\n<\/div><\/div><\/div><\/div><\/div><div class=\"vc_col-sm-6 wpb_column vc_column_container\"><div class=\"vc_column-inner\"><div class=\"wpb_wrapper\"><div class=\"wpb_text_column\"><div class=\"wpb_wrapper\"><p>\u00a0\u00a0<\/p>\n<p>Aus Heidenrod: Wildspezialit\u00e4ten<\/p>\n<p>Aus Idstein\/Heftrich: Der Taunustropfen<\/p>\n<p>Aus Probbach\/Westerwald: K\u00e4se vom Elisabethenhof\u00a0<\/p>\n<p>Aus Hochheim: Wein und Secco vom Weingut &#8222;Im Weinegg&#8220;<\/p>\n<p>Aus Brechen von der Kelterei Hoppe: verschiedene (Apfel-) S\u00e4fte und Apfelwein<\/p>\n<p>Aus Braunfels von der Amends M\u00fchle: Mehl, K\u00f6rner, Brotbackmischung etc.<\/p>\n<p>Aus Niederseelbach: Apfelsekt (in der Flasche vergoren)<\/p>\n<p>Aus Braunfels: Bio Raps\u00f6l vom Biohof Gath<\/p>\n<p>Aus Gro\u00dflittgen: Eis in diversen Sorten (Salva&#8217;s Flotte Kugel) -saisonal<\/p>\n<\/div><\/div><\/div><\/div><\/div><\/div><\/div><\/section><section class=\"l-section wpb_row height_small\"><div class=\"l-section-h i-cf\"><div class=\"g-cols vc_row via_flex valign_top type_default stacking_default\"><div class=\"vc_col-sm-12 wpb_column vc_column_container\"><div class=\"vc_column-inner\"><div class=\"wpb_wrapper\"><div class=\"wpb_text_column\"><div class=\"wpb_wrapper\"><p><strong>Geschenkk\u00f6rbe<\/strong> stellen wir Ihnen gerne nach ihren W\u00fcnschen zusammen. Gerne auch eigene K\u00f6rbe.<\/p>\n<p>Bei uns gibt es zudem die M\u00f6glichkeit<strong> Geschenkgutscheine<\/strong> zu erwerben und auch \u201eSticks\u201c f\u00fcr die Regiomaten sind bei uns im Hofladen gegen Pfand erh\u00e4ltlich.<\/p>\n<p><strong>Sie k\u00f6nnen sowohl Bar, als auch mit EC (kontaktlos) zahlen.<\/strong><\/p>\n<\/div><\/div><\/div><\/div><\/div><\/div><\/div><\/section>\n","protected":false},"excerpt":{"rendered":"\u00d6ffnungszeiten Hofladen und Post\/DHL: Dienstag: 17:00 &#8211; 19:30 UhrMittwoch: 10:00 &#8211; 13:00 UhrDonnerstag: 12:30 &#8211; 15:30 UhrFreitag: 15:00 &#8211; 18:00 UhrSamstag: 10:00 &#8211; 12:00\u00a0 Uhr &amp; 13:00 &#8211; 16:00 Uhr Unser Hofladen bietet Ihnen ein gro\u00dfes Sortiment an Produkten aus der Region. Bei Fragen sprechen Sie uns vor Ort an oder schreiben Sie uns eine...","protected":false},"author":2,"featured_media":0,"parent":0,"menu_order":0,"comment_status":"closed","ping_status":"closed","template":"","meta":{"footnotes":""},"class_list":["post-204","page","type-page","status-publish","hentry"],"_links":{"self":[{"href":"https:\/\/kreuzhecker-hof.de\/index.php?rest_route=\/wp\/v2\/pages\/204","targetHints":{"allow":["GET"]}}],"collection":[{"href":"https:\/\/kreuzhecker-hof.de\/index.php?rest_route=\/wp\/v2\/pages"}],"about":[{"href":"https:\/\/kreuzhecker-hof.de\/index.php?rest_route=\/wp\/v2\/types\/page"}],"author":[{"embeddable":true,"href":"https:\/\/kreuzhecker-hof.de\/index.php?rest_route=\/wp\/v2\/users\/2"}],"replies":[{"embeddable":true,"href":"https:\/\/kreuzhecker-hof.de\/index.php?rest_route=%2Fwp%2Fv2%2Fcomments&post=204"}],"version-history":[{"count":33,"href":"https:\/\/kreuzhecker-hof.de\/index.php?rest_route=\/wp\/v2\/pages\/204\/revisions"}],"predecessor-version":[{"id":575,"href":"https:\/\/kreuzhecker-hof.de\/index.php?rest_route=\/wp\/v2\/pages\/204\/revisions\/575"}],"wp:attachment":[{"href":"https:\/\/kreuzhecker-hof.de\/index.php?rest_route=%2Fwp%2Fv2%2Fmedia&parent=204"}],"curies":[{"name":"wp","href":"https:\/\/api.w.org\/{rel}","templated":true}]}}